{"id":101,"date":"2016-09-11T20:50:52","date_gmt":"2016-09-11T19:50:52","guid":{"rendered":"http:\/\/promotion.hamradio.sciencesfrance.fr\/?page_id=101"},"modified":"2024-05-31T21:44:59","modified_gmt":"2024-05-31T19:44:59","slug":"ou-se-former","status":"publish","type":"page","link":"https:\/\/promotion.hamradio.sciencesfrance.fr\/?page_id=101","title":{"rendered":"Ou se former \u00e0 l&rsquo;examen d\u2019\u00c9tat!"},"content":{"rendered":"<p style=\"text-align: center;\"><span style=\"color: #800000; background-color: #ffff00;\"><strong><span style=\"font-size: 18pt;\">O\u00f9 se former ?<\/span><\/strong><\/span><\/p>\n<p style=\"text-align: justify;\"><a href=\"https:\/\/promotion.hamradio.sciencesfrance.fr\/wp-content\/uploads\/2016\/09\/cropped-Promo-RA.jpg\"><img loading=\"lazy\" decoding=\"async\" class=\"alignleft wp-image-104\" src=\"https:\/\/promotion.hamradio.sciencesfrance.fr\/wp-content\/uploads\/2016\/09\/cropped-Promo-RA-300x200.jpg\" alt=\"\" width=\"228\" height=\"152\" srcset=\"https:\/\/promotion.hamradio.sciencesfrance.fr\/wp-content\/uploads\/2016\/09\/cropped-Promo-RA-300x200.jpg 300w, https:\/\/promotion.hamradio.sciencesfrance.fr\/wp-content\/uploads\/2016\/09\/cropped-Promo-RA-768x512.jpg 768w, https:\/\/promotion.hamradio.sciencesfrance.fr\/wp-content\/uploads\/2016\/09\/cropped-Promo-RA-1024x683.jpg 1024w, https:\/\/promotion.hamradio.sciencesfrance.fr\/wp-content\/uploads\/2016\/09\/cropped-Promo-RA.jpg 1260w\" sizes=\"auto, (max-width: 228px) 100vw, 228px\" \/><\/a>Les Radioclubs <a href=\"http:\/\/www.techniquement.radio.sciencesfrance.fr\/Carte-radioclub1.php\"><em><span style=\"text-decoration: underline;\"><span style=\"color: #0000ff; text-decoration: underline;\"><strong>ICI<\/strong> <\/span><\/span><\/em><\/a>sont des Associations de Radioamateurs et d&rsquo;\u00e9couteurs de proximit\u00e9 ayant pour objet de rassembler les passionn\u00e9s de radio autour de nombreuses activit\u00e9s et projets. Un des r\u00f4les fondamental de ces associations est d\u2019assister les futurs candidats \u00e0 la pr\u00e9paration de l&rsquo;examen d&rsquo;Op\u00e9rateur Radio et de les accompagner vers leurs nouvelles activit\u00e9s apr\u00e8s l&rsquo;obtention de leur examen et Indicatif.<\/p>\n<p><strong>Nous vous invitons \u00e0 consulter la page du site&nbsp; de l&rsquo;ANRPFD :<\/strong><\/p>\n<ul>\n<li style=\"text-align: justify;\">Association Nationale Radioamateurs pour le Perfectionnement, la Formation et le D\u00e9veloppement du Radioamateurisme:<span style=\"color: #0000ff;\"> <a style=\"color: #0000ff;\" href=\"http:\/\/www.radioamateurs.news.sciencesfrance.fr\/\"><span style=\"text-decoration: underline;\"><em><strong>ICI<\/strong><\/em><\/span><\/a><\/span><\/li>\n<li>Site technique&nbsp; <em><span style=\"color: #0000ff;\"><a style=\"color: #0000ff;\" href=\"http:\/\/www.techniquement.radio.sciencesfrance.fr\/\"><span style=\"text-decoration: underline;\"><strong>ICI<\/strong><\/span><\/a><\/span><\/em><\/li>\n<\/ul>\n","protected":false},"excerpt":{"rendered":"<p>O\u00f9 se former ? Les Radioclubs ICI sont des Associations de Radioamateurs et d&rsquo;\u00e9couteurs de proximit\u00e9 ayant pour objet de rassembler les passionn\u00e9s de radio autour de nombreuses activit\u00e9s et projets. Un des r\u00f4les fondamental de ces associations est d\u2019assister les futurs candidats \u00e0 la pr\u00e9paration de l&rsquo;examen d&rsquo;Op\u00e9rateur Radio&#8230; <a class=\"continue-reading-link\" href=\"https:\/\/promotion.hamradio.sciencesfrance.fr\/?page_id=101\"> Continue reading <span class=\"meta-nav\">&rarr; <\/span><\/a><\/p>\n","protected":false},"author":2,"featured_media":0,"parent":0,"menu_order":0,"comment_status":"closed","ping_status":"closed","template":"","meta":{"ngg_post_thumbnail":0,"footnotes":""},"class_list":["post-101","page","type-page","status-publish","hentry"],"_links":{"self":[{"href":"https:\/\/promotion.hamradio.sciencesfrance.fr\/index.php?rest_route=\/wp\/v2\/pages\/101","targetHints":{"allow":["GET"]}}],"collection":[{"href":"https:\/\/promotion.hamradio.sciencesfrance.fr\/index.php?rest_route=\/wp\/v2\/pages"}],"about":[{"href":"https:\/\/promotion.hamradio.sciencesfrance.fr\/index.php?rest_route=\/wp\/v2\/types\/page"}],"author":[{"embeddable":true,"href":"https:\/\/promotion.hamradio.sciencesfrance.fr\/index.php?rest_route=\/wp\/v2\/users\/2"}],"replies":[{"embeddable":true,"href":"https:\/\/promotion.hamradio.sciencesfrance.fr\/index.php?rest_route=%2Fwp%2Fv2%2Fcomments&post=101"}],"version-history":[{"count":12,"href":"https:\/\/promotion.hamradio.sciencesfrance.fr\/index.php?rest_route=\/wp\/v2\/pages\/101\/revisions"}],"predecessor-version":[{"id":563,"href":"https:\/\/promotion.hamradio.sciencesfrance.fr\/index.php?rest_route=\/wp\/v2\/pages\/101\/revisions\/563"}],"wp:attachment":[{"href":"https:\/\/promotion.hamradio.sciencesfrance.fr\/index.php?rest_route=%2Fwp%2Fv2%2Fmedia&parent=101"}],"curies":[{"name":"wp","href":"https:\/\/api.w.org\/{rel}","templated":true}]}}