{"id":457,"date":"2022-11-27T17:57:46","date_gmt":"2022-11-27T16:57:46","guid":{"rendered":"http:\/\/promotion.hamradio.sciencesfrance.fr\/?page_id=457"},"modified":"2022-11-29T12:23:32","modified_gmt":"2022-11-29T11:23:32","slug":"decouvrir-la-radio","status":"publish","type":"page","link":"https:\/\/promotion.hamradio.sciencesfrance.fr\/?page_id=457","title":{"rendered":"D\u00e9couvrir la Radio!"},"content":{"rendered":"<p style=\"text-align: center;\"><b><i><span style=\"color: #cc3300; font-family: Arial; font-size: x-large;\">D\u00c9COUVRIR LA RADIO<\/span><\/i><\/b><\/p>\n<p style=\"text-align: center;\"><span style=\"font-family: georgia, palatino, serif; font-size: 12pt;\"><b><i>Notre environnement c&rsquo;est le monde de la Radio et des Communications<\/i><\/b><\/span><\/p>\n<p style=\"text-align: center;\"><span style=\"font-family: georgia, palatino, serif; font-size: 12pt;\"><b>Avoir un copain ou une copine dans chaque pays&#8230;.<\/b><\/span><\/p>\n<p style=\"text-align: center;\"><span style=\"font-size: 12pt; font-family: georgia, palatino, serif;\"><i><b>Tous les jours nous utilisons la Radio sans le savoir<\/b><\/i><\/span><\/p>\n<p style=\"text-align: center;\"><span style=\"font-size: 12pt; font-family: georgia, palatino, serif;\"><img loading=\"lazy\" decoding=\"async\" class=\"alignnone size-full wp-image-281\" src=\"https:\/\/promotion.hamradio.sciencesfrance.fr\/wp-content\/uploads\/2015\/11\/fleche-bleue-droite-tour-e1669568237718.gif\" alt=\"\" width=\"40\" height=\"60\"><\/span><\/p>\n<p style=\"text-align: center;\"><span style=\"background-color: #ffffff; color: #00ffff; font-size: 12pt; font-family: georgia, palatino, serif;\"><strong><span style=\"color: #00ffff; background-color: #000080;\">Communiquez via internet (Radio)<\/span><br \/>\n<\/strong><\/span><\/p>\n<p style=\"text-align: center;\"><span style=\"background-color: #00ff00; font-size: 12pt; font-family: georgia, palatino, serif;\"><i><b><span style=\"color: #0000ff; background-color: #00ff00;\">et l&rsquo;ordinateur&nbsp;&nbsp; <img loading=\"lazy\" decoding=\"async\" class=\"wp-image-458 aligncenter\" src=\"https:\/\/promotion.hamradio.sciencesfrance.fr\/wp-content\/uploads\/2022\/11\/notebook-249x128.png\" alt=\"\" width=\"95\" height=\"49\"><\/span><\/b><\/i><\/span><\/p>\n<p style=\"text-align: center;\"><span style=\"background-color: #00ff00; font-size: 12pt; font-family: georgia, palatino, serif;\"><i><b><span style=\"color: #0000ff; background-color: #00ff00;\"><span style=\"color: #ffff00; background-color: #0000ff;\">Vivez branch\u00e9 et connect\u00e9 (Radio)<\/span><br \/>\n<\/span><\/b><\/i><\/span><\/p>\n<p style=\"text-align: center;\"><span style=\"font-size: 12pt; font-family: georgia, palatino, serif;\"><span style=\"background-color: #ffff00;\"><i><b><span style=\"color: #cc3300; background-color: #ffff00;\"><img loading=\"lazy\" decoding=\"async\" class=\"wp-image-460 aligncenter\" src=\"https:\/\/promotion.hamradio.sciencesfrance.fr\/wp-content\/uploads\/2022\/11\/Tel-Mobil.jpg\" alt=\"\" width=\"54\" height=\"90\" srcset=\"https:\/\/promotion.hamradio.sciencesfrance.fr\/wp-content\/uploads\/2022\/11\/Tel-Mobil.jpg 163w, https:\/\/promotion.hamradio.sciencesfrance.fr\/wp-content\/uploads\/2022\/11\/Tel-Mobil-91x150.jpg 91w\" sizes=\"auto, (max-width: 54px) 100vw, 54px\" \/><\/span><\/b><\/i><\/span><em><strong>Alors, bougez vous vers le Monde de la Radio!<\/strong><\/em><\/span><\/p>\n<h3 style=\"text-align: center;\"><span style=\"font-family: georgia, palatino, serif;\"><strong><span style=\"font-size: 14pt;\">Les Satellites<\/span><\/strong><\/span><\/h3>\n<p style=\"text-align: center;\"><img loading=\"lazy\" decoding=\"async\" class=\"aligncenter wp-image-486\" src=\"https:\/\/promotion.hamradio.sciencesfrance.fr\/wp-content\/uploads\/2022\/11\/Satellites101-1-286x128.jpg\" alt=\"\" width=\"387\" height=\"173\"><\/p>\n<p style=\"text-align: center;\"><span style=\"font-size: 12pt; font-family: georgia, palatino, serif;\"><i><b><span style=\"color: #0000ff;\">Et toi, l\u2019ami(e)<\/span> <span style=\"color: #008000;\">Encore plus de fr\u00e9quences, encore plus de contacts.<\/span><\/b><\/i><\/span><\/p>\n<p><span style=\"font-size: 12pt; font-family: georgia, palatino, serif;\"><span style=\"color: #008000;\"><span style=\"color: #000080;\"><strong><span style=\"color: #993300;\">Le monde entier de la radio \u00e0 la port\u00e9e d\u2019antenne<\/span>..<\/strong>&#8230;.<\/span><\/span><i><b><span style=\"color: #008000;\"><span style=\"color: #000080;\"> <img loading=\"lazy\" decoding=\"async\" class=\"alignnone size-full wp-image-464\" src=\"https:\/\/promotion.hamradio.sciencesfrance.fr\/wp-content\/uploads\/2022\/11\/bcl.jpg\" alt=\"\" width=\"100\" height=\"100\"><\/span><\/span><\/b><\/i><\/span><\/p>\n<p style=\"text-align: center;\"><span style=\"font-size: 12pt; font-family: georgia, palatino, serif;\"><i><b><span style=\"color: #008000;\">\u00c9coutez bien, il faut se faire plaisir, allez plus loin, <\/span><\/b><\/i><\/span><\/p>\n<p style=\"text-align: center;\"><span style=\"font-size: 12pt; font-family: georgia, palatino, serif;\"><i><b><span style=\"color: #008000;\">le monde est au bout des vos doigts\u2026<\/span><\/b><\/i><\/span><i><\/i><\/p>\n<table style=\"height: 153px;\" width=\"796\">\n<tbody>\n<tr style=\"height: 115px;\">\n<td style=\"height: 115px; width: 81.9px;\"><img loading=\"lazy\" decoding=\"async\" class=\"alignleft wp-image-465\" src=\"https:\/\/promotion.hamradio.sciencesfrance.fr\/wp-content\/uploads\/2022\/11\/Baofeng.jpg\" alt=\"\" width=\"46\" height=\"100\"><\/td>\n<td style=\"height: 115px; width: 704.833px;\"><strong><span style=\"color: #800000; font-family: georgia, palatino, serif; font-size: 12pt;\"><i>Avoir le temps et bien vouloir faire autre chose&#8230;..<img loading=\"lazy\" decoding=\"async\" class=\"wp-image-465 alignright\" src=\"https:\/\/promotion.hamradio.sciencesfrance.fr\/wp-content\/uploads\/2022\/11\/Baofeng-e1669720732193.jpg\" alt=\"\" width=\"41\" height=\"89\" srcset=\"https:\/\/promotion.hamradio.sciencesfrance.fr\/wp-content\/uploads\/2022\/11\/Baofeng-e1669720732193.jpg 92w, https:\/\/promotion.hamradio.sciencesfrance.fr\/wp-content\/uploads\/2022\/11\/Baofeng-e1669720732193-69x150.jpg 69w\" sizes=\"auto, (max-width: 41px) 100vw, 41px\" \/><\/i><\/span><\/strong><\/td>\n<\/tr>\n<\/tbody>\n<\/table>\n<p style=\"text-align: center;\"><span style=\"color: #800000;\"><strong>Vous voulez maintenir le contact <\/strong><\/span><\/p>\n<p style=\"text-align: center;\"><span style=\"color: #800000;\"><strong>et \u00e9largir le cercle de vos amis d<\/strong><\/span><strong>ans le Monde<\/strong><\/p>\n<p style=\"text-align: center;\"><strong><span style=\"color: #800000;\">Vous en avez r\u00eav\u00e9 et vous voulez le r\u00e9aliser allons y!<\/span><br \/>\n<\/strong><\/p>\n<p style=\"text-align: left;\" align=\"center\"><img loading=\"lazy\" decoding=\"async\" class=\"alignleft\" src=\"http:\/\/promotion.hamradio.free.fr\/decouvrir\/images_fichiers\/Diod_vert.gif\" width=\"12\" height=\"12\" border=\"0\"><b><i><span style=\"color: #0000ff; font-family: Arial; font-size: small;\"><span style=\"color: #000080;\"><span style=\"font-family: georgia, palatino, serif;\">Alors, rejoignez-nous !<\/span><\/span><\/span><\/i><span style=\"font-family: georgia, palatino, serif;\"><span style=\"color: #000080;\"><br \/>\n<\/span><\/span><\/b><\/p>\n<h3 style=\"text-align: center;\"><strong><span class=\"x193iq5w xeuugli x13faqbe x1vvkbs x1xmvt09 x1lliihq x1s928wv xhkezso x1gmr53x x1cpjm7i x1fgarty x1943h6x xudqn12 x3x7a5m x6prxxf xvq8zen xo1l8bm xzsf02u x1yc453h\" dir=\"auto\" style=\"font-family: impact, sans-serif; font-size: 12pt;\">En entrant&nbsp; dans le monde Fantastique et Merveilleux des Radioamateurs<\/span><\/strong><\/h3>\n<p style=\"text-align: center;\"><img loading=\"lazy\" decoding=\"async\" class=\"aligncenter wp-image-158\" src=\"https:\/\/promotion.hamradio.sciencesfrance.fr\/wp-content\/uploads\/2015\/11\/bienvenue.gif\" alt=\"\" width=\"231\" height=\"33\"><\/p>\n<p style=\"text-align: center;\"><img loading=\"lazy\" decoding=\"async\" class=\"aligncenter size-full wp-image-467\" src=\"https:\/\/promotion.hamradio.sciencesfrance.fr\/wp-content\/uploads\/2022\/11\/promotion-RA-2022.jpg\" alt=\"\" width=\"577\" height=\"230\" srcset=\"https:\/\/promotion.hamradio.sciencesfrance.fr\/wp-content\/uploads\/2022\/11\/promotion-RA-2022.jpg 577w, https:\/\/promotion.hamradio.sciencesfrance.fr\/wp-content\/uploads\/2022\/11\/promotion-RA-2022-150x60.jpg 150w, https:\/\/promotion.hamradio.sciencesfrance.fr\/wp-content\/uploads\/2022\/11\/promotion-RA-2022-250x100.jpg 250w\" sizes=\"auto, (max-width: 577px) 100vw, 577px\" \/><\/p>\n<p style=\"text-align: center;\" align=\"center\"><b> <span style=\"color: #000080;\">Radioamateur pourquoi pas vous !<\/span><\/b><\/p>\n<table>\n<tbody>\n<tr>\n<td><img loading=\"lazy\" decoding=\"async\" class=\"size-full wp-image-466 alignright\" src=\"https:\/\/promotion.hamradio.sciencesfrance.fr\/wp-content\/uploads\/2022\/11\/FT840.jpg\" alt=\"\" width=\"151\" height=\"75\" srcset=\"https:\/\/promotion.hamradio.sciencesfrance.fr\/wp-content\/uploads\/2022\/11\/FT840.jpg 151w, https:\/\/promotion.hamradio.sciencesfrance.fr\/wp-content\/uploads\/2022\/11\/FT840-150x75.jpg 150w\" sizes=\"auto, (max-width: 151px) 100vw, 151px\" \/><\/td>\n<td><img loading=\"lazy\" decoding=\"async\" class=\"size-full wp-image-31 alignleft\" src=\"https:\/\/promotion.hamradio.sciencesfrance.fr\/wp-content\/uploads\/2015\/11\/micro_casque.gif\" alt=\"\" width=\"100\" height=\"100\"><\/td>\n<td>&nbsp;<\/td>\n<\/tr>\n<\/tbody>\n<\/table>\n<p style=\"text-align: center;\" align=\"center\"><b><i><span style=\"color: #0000ff; font-family: Arial; font-size: small;\"><span style=\"color: #cc3300;\">Notre environnement c&rsquo;est le monde de la Radio de tous les jours voir la suite<\/span><\/span><\/i><\/b><b><\/b><\/p>\n<p align=\"center\"><img loading=\"lazy\" decoding=\"async\" class=\"aligncenter size-full wp-image-474\" src=\"https:\/\/promotion.hamradio.sciencesfrance.fr\/wp-content\/uploads\/2022\/11\/Terre-relais-Radio.gif\" alt=\"\" width=\"91\" height=\"88\"><\/p>\n<p style=\"text-align: center;\"><span style=\"font-family: Arial; font-size: small;\"><b>Vous \u00eates \u00e0 l&rsquo;\u00c9coute des Ondes du Monde, <span style=\"color: #0000ff;\">de l&rsquo;Univers&nbsp;<\/span><\/b><\/span><\/p>\n<p style=\"text-align: center;\"><span style=\"text-decoration: underline;\"><strong><span style=\"color: #993300; text-decoration: underline;\">Musique, informations en diverses langues<\/span><\/strong><\/span><\/p>\n<p style=\"text-align: center;\"><strong>Paris, New York, Bangkok, Pretoria, Tokyo, P\u00e9kin, Rio de Janeiro&#8230;..<\/strong><\/p>\n<p style=\"text-align: center;\"><span style=\"color: #0000ff; background-color: #ffff00;\"><strong><u>Tous les jours, suivant les horaires nous contactons<\/u><\/strong><\/span><\/p>\n<p style=\"text-align: center;\"><span style=\"color: #0000ff; background-color: #ffff00;\"><strong><u>&nbsp;ou entendons les Stations Radio du Monde entier<\/u><\/strong><\/span><\/p>\n<p align=\"center\"><span style=\"background-color: #0000ff;\"><b> <span style=\"color: #ffff00; font-family: Arial Narrow; font-size: small; background-color: #0000ff;\"> <a style=\"background-color: #0000ff;\" href=\"http:\/\/promotion.hamradio.free.fr\/promotion\/Radioamateurs.htm\"> <span style=\"color: #ccffff;\">Vous \u00eates un exp\u00e9rimentateur,vous voulez en savoir un peu plus<\/span><\/a><\/span><span style=\"color: #ccffff; font-family: Arial Narrow; font-size: small; background-color: #0000ff;\">&nbsp;<\/span><\/b><\/span><\/p>\n<p align=\"center\"><span style=\"background-color: #00ff00;\"><b>The World&nbsp; T\u00e9l\u00e9communications<\/b><\/span><\/p>\n<p align=\"center\"><img loading=\"lazy\" decoding=\"async\" class=\"\" src=\"http:\/\/promotion.hamradio.free.fr\/decouvrir\/images_fichiers\/globe_f6hbn2.jpg\" width=\"601\" height=\"437\" border=\"0\" align=\"middle\"><\/p>\n<table id=\"table97\" width=\"100%\" cellspacing=\"0\" border=\"0\">\n<tbody>\n<tr>\n<td>&nbsp;<\/td>\n<td>\n<div align=\"center\"><strong>Les d\u00e9buts d&rsquo;indicatifs par pays<\/strong> <b> <span style=\"color: #cc3300;\">( France=F )<\/span><\/b><\/div>\n<div align=\"center\">&nbsp;<\/div>\n<\/td>\n<\/tr>\n<\/tbody>\n<\/table>\n","protected":false},"excerpt":{"rendered":"<p>D\u00c9COUVRIR LA RADIO Notre environnement c&rsquo;est le monde de la Radio et des Communications Avoir un copain ou une copine dans chaque pays&#8230;. Tous les jours nous utilisons la Radio sans le savoir Communiquez via internet (Radio) et l&rsquo;ordinateur&nbsp;&nbsp; Vivez branch\u00e9 et connect\u00e9 (Radio) Alors, bougez vous vers le Monde&#8230; <a class=\"continue-reading-link\" href=\"https:\/\/promotion.hamradio.sciencesfrance.fr\/?page_id=457\"> Continue reading <span class=\"meta-nav\">&rarr; <\/span><\/a><\/p>\n","protected":false},"author":2,"featured_media":0,"parent":0,"menu_order":0,"comment_status":"closed","ping_status":"closed","template":"","meta":{"ngg_post_thumbnail":0,"footnotes":""},"class_list":["post-457","page","type-page","status-publish","hentry"],"_links":{"self":[{"href":"https:\/\/promotion.hamradio.sciencesfrance.fr\/index.php?rest_route=\/wp\/v2\/pages\/457","targetHints":{"allow":["GET"]}}],"collection":[{"href":"https:\/\/promotion.hamradio.sciencesfrance.fr\/index.php?rest_route=\/wp\/v2\/pages"}],"about":[{"href":"https:\/\/promotion.hamradio.sciencesfrance.fr\/index.php?rest_route=\/wp\/v2\/types\/page"}],"author":[{"embeddable":true,"href":"https:\/\/promotion.hamradio.sciencesfrance.fr\/index.php?rest_route=\/wp\/v2\/users\/2"}],"replies":[{"embeddable":true,"href":"https:\/\/promotion.hamradio.sciencesfrance.fr\/index.php?rest_route=%2Fwp%2Fv2%2Fcomments&post=457"}],"version-history":[{"count":15,"href":"https:\/\/promotion.hamradio.sciencesfrance.fr\/index.php?rest_route=\/wp\/v2\/pages\/457\/revisions"}],"predecessor-version":[{"id":489,"href":"https:\/\/promotion.hamradio.sciencesfrance.fr\/index.php?rest_route=\/wp\/v2\/pages\/457\/revisions\/489"}],"wp:attachment":[{"href":"https:\/\/promotion.hamradio.sciencesfrance.fr\/index.php?rest_route=%2Fwp%2Fv2%2Fmedia&parent=457"}],"curies":[{"name":"wp","href":"https:\/\/api.w.org\/{rel}","templated":true}]}}